{"id":41,"date":"2019-08-22T14:11:09","date_gmt":"2019-08-22T12:11:09","guid":{"rendered":"http:\/\/test.media-and-design.com\/?page_id=41"},"modified":"2026-01-24T13:17:36","modified_gmt":"2026-01-24T12:17:36","slug":"home","status":"publish","type":"page","link":"https:\/\/vorverkauf.maibloemche.de\/","title":{"rendered":""},"content":{"rendered":"<div id=\"pl-gb41-69f50de7d59a6\"  class=\"panel-layout wp-block-siteorigin-panels-layout-block\" ><div id=\"pg-gb41-69f50de7d59a6-0\"  class=\"panel-grid panel-no-style\" ><div id=\"pgc-gb41-69f50de7d59a6-0-0\"  class=\"panel-grid-cell\" ><div id=\"panel-gb41-69f50de7d59a6-0-0-0\" class=\"so-panel widget_text panel-first-child panel-last-child\" data-index=\"0\" ><h3 class=\"widget-title\">Herzlich Willkommen beim Vorverkauf f\u00fcr die Karnevalssitzungen der KG Maibl\u00f6mche Lich-Steinstra\u00df<\/h3>\t\t\t<div class=\"textwidget\"><p>Liebe G\u00e4ste der KG Maibl\u00f6mche,<br \/>\nleev Fastelovendsjecke,<\/p>\n<p>wir freuen uns sehr \u00fcber das gro\u00dfe Interesse an unseren Damensitzungen und dar\u00fcber, dass die Nachfrage in den vergangenen Jahren stetig gewachsen ist. Gleichzeitig hat uns genau das immer wieder vor die schwierige Situation gestellt, vielen von Ihnen absagen zu m\u00fcssen. Das ist f\u00fcr alle Beteiligten entt\u00e4uschend und auch f\u00fcr uns keine sch\u00f6ne Erfahrung.<\/p>\n<p>Um den Kartenverkauf k\u00fcnftig \u00a0verl\u00e4sslicher zu gestalten, haben wir uns daher entschieden, den Vorverkauf f\u00fcr die Damensitzungen 2027 anzupassen.<\/p>\n<p>Alle Kartenbestellerinnen der diesj\u00e4hrigen Sitzungen erhalten bis Sonntag, den 01.02.2026, eine E-Mail und haben die M\u00f6glichkeit, maximal die gleiche Anzahl an Karten wie in diesem Jahr zu bestellen. Sollten danach noch Karten verf\u00fcgbar sein, vergeben wir diese in einem n\u00e4chsten Schritt \u00fcber die Warteliste aus diesem Jahr.<\/p>\n<p>Uns ist bewusst, dass diese Regelung nicht alle W\u00fcnsche erf\u00fcllen kann. Sie soll jedoch dazu beitragen, Entt\u00e4uschungen zu reduzieren und den Ablauf f\u00fcr alle transparenter und planbarer zu machen. Wir hoffen daher sehr auf Ihr Verst\u00e4ndnis.<\/p>\n<p><strong>Programm der Damensitzungen 2027<br \/>\n<\/strong><strong>Donnerstag (21.01.27) \/ Freitag (22.01.27)<\/strong><\/p>\n<ul>\n<li style=\"list-style-type: none;\">\n<ul>\n<li>Brings<\/li>\n<li>Kasalla<\/li>\n<li>Bl\u00e4ck F\u00f6\u00f6ss \/ R\u00e4uber<\/li>\n<li>Rabaue \/ Domst\u00fcrmer<\/li>\n<li>King Loui<\/li>\n<li>Kasch\u00e4mm<\/li>\n<li>Dave Davis als Motombo<\/li>\n<li>Fauth Dance Company<\/li>\n<li>Dreigestirn, Tanzgarden und Prinzengarde der KG Maibl\u00f6mche<\/li>\n<\/ul>\n<\/li>\n<\/ul>\n<p>Euer Vorverkaufs-Team<\/p>\n<\/div>\n\t\t<\/div><\/div><\/div><\/div>\n\n\n<p><\/p>\n","protected":false},"excerpt":{"rendered":"<p>Liebe G\u00e4ste der KG Maibl\u00f6mche, leev Fastelovendsjecke, wir freuen uns sehr \u00fcber das gro\u00dfe Interesse an unseren Damensitzungen und dar\u00fcber, dass die Nachfrage in den vergangenen Jahren stetig gewachsen ist. Gleichzeitig hat uns genau das immer wieder vor die schwierige Situation gestellt, vielen von Ihnen absagen zu m\u00fcssen. Das ist f\u00fcr alle Beteiligten entt\u00e4uschend und &hellip; <a href=\"https:\/\/vorverkauf.maibloemche.de\/\" class=\"more-link\"><span class=\"screen-reader-text\">\u201e\u201c <\/span>weiterlesen<\/a><\/p>\n","protected":false},"author":1,"featured_media":0,"parent":0,"menu_order":0,"comment_status":"closed","ping_status":"closed","template":"","meta":{"footnotes":""},"class_list":["post-41","page","type-page","status-publish","hentry"],"_links":{"self":[{"href":"https:\/\/vorverkauf.maibloemche.de\/index.php\/wp-json\/wp\/v2\/pages\/41","targetHints":{"allow":["GET"]}}],"collection":[{"href":"https:\/\/vorverkauf.maibloemche.de\/index.php\/wp-json\/wp\/v2\/pages"}],"about":[{"href":"https:\/\/vorverkauf.maibloemche.de\/index.php\/wp-json\/wp\/v2\/types\/page"}],"author":[{"embeddable":true,"href":"https:\/\/vorverkauf.maibloemche.de\/index.php\/wp-json\/wp\/v2\/users\/1"}],"replies":[{"embeddable":true,"href":"https:\/\/vorverkauf.maibloemche.de\/index.php\/wp-json\/wp\/v2\/comments?post=41"}],"version-history":[{"count":67,"href":"https:\/\/vorverkauf.maibloemche.de\/index.php\/wp-json\/wp\/v2\/pages\/41\/revisions"}],"predecessor-version":[{"id":2602,"href":"https:\/\/vorverkauf.maibloemche.de\/index.php\/wp-json\/wp\/v2\/pages\/41\/revisions\/2602"}],"wp:attachment":[{"href":"https:\/\/vorverkauf.maibloemche.de\/index.php\/wp-json\/wp\/v2\/media?parent=41"}],"curies":[{"name":"wp","href":"https:\/\/api.w.org\/{rel}","templated":true}]}}